{"id":19,"date":"2018-09-27T13:11:44","date_gmt":"2018-09-27T11:11:44","guid":{"rendered":"http:\/\/lacriquesud.fr\/?page_id=19"},"modified":"2025-10-02T17:37:53","modified_gmt":"2025-10-02T15:37:53","slug":"tarifs","status":"publish","type":"page","link":"https:\/\/lacriquesud.fr\/?page_id=19","title":{"rendered":"Nos produits"},"content":{"rendered":"\n<p>\u00c0 la Crique Sud, nous avons fait le choix de travailler un maximum avec des produits locaux et des producteurs de la r\u00e9gion.<br>Nous vous proposons une large gamme de boissons alcoolis\u00e9es et non alcoolis\u00e9es, ainsi que des planches ap\u00e9ros v\u00e9g\u00e9tariennes et carn\u00e9es confectionn\u00e9es sur place.<\/p>\n\n\n\n<p class=\"has-text-color has-large-font-size\" style=\"color:#232323;font-style:normal;font-weight:200;text-transform:uppercase\"><strong>LES BI\u00c8RES<\/strong><\/p>\n\n\n\n<p>Venez retrouver sept bi\u00e8res pressions locales et artisanales ainsi qu&rsquo;un cidre brut bio !<\/p>\n\n\n\n<p>En ce moment, vous pouvez d\u00e9guster les bi\u00e8res pression suivantes :<\/p>\n\n\n\n<ul><li><em>La P&rsquo;tit F\u00fbt<\/em> &#8211; Blonde &#8211; Brasserie La Furieuse &#8211; Sassenage<\/li><li><em>La Furie<\/em> &#8211; Blonde &#8211; Brasserie La Furieuse <\/li><li><em>La Markus<\/em> &#8211; Blanche &#8211; Brasserie Markus &#8211; Dr\u00f4me<\/li><li><em>La Furax <\/em>&#8211; IPA &#8211; Brasserie La Furieuse <\/li><li><em>La Tropik&rsquo;ale<\/em> &#8211; NEIPA &#8211; La Crique Sud &amp; Brasserie La Furieuse<\/li><li><em>La Lunik &#8211; <\/em>Ambr\u00e9e &#8211; Brasserie Pleine Lune &#8211; Dr\u00f4me<\/li><li><em>Le \u00ab\u00a0Brut\u00a0\u00bb<\/em> &#8211; Cidre Brut Bio &#8211; Par Fils De Pomme &#8211; Vexin-Normand<\/li><\/ul>\n\n\n\n<p>Nous tournons r\u00e9guli\u00e8rement en fonction de la production de nos brasseurs, les go\u00fbts et les houblons changent en fonction des saisons.<\/p>\n\n\n\n<p>Et nos bi\u00e8res bouteille !<\/p>\n\n\n\n<ul><li><em>La Triple &#8211; <\/em>Blonde Triple Fermentations &#8211; La Manivelle<\/li><li><em>La Roche Noire<\/em> &#8211; Milky Stout &#8211; L&rsquo;Ivresse Des Sommets<\/li><\/ul>\n\n\n\n<p>Vous pourrez \u00e9galement retrouver une gamme de bi\u00e8res bouteilles sans alcool :<\/p>\n\n\n\n<ul><li><em>Peroni &#8211; <\/em>Pills\/Blonde &#8211; Nastro Azzurro &#8211; 0.0%<\/li><li><em>Sp\u00e9cial Effects Lager<\/em> &#8211; Brooklyn Brewery &#8211; 0.4%<\/li><li><em>Fruit Rouges &#8211; <\/em>Run&rsquo;Hard &#8211; 0.4% &#8211; Artisanale <\/li><li><em>IPA &#8211; <\/em>Edmond &#8211; 0.4% &#8211; Artisanale<\/li><\/ul>\n\n\n\n<p class=\"has-large-font-size\"><strong>LES VINS<\/strong><\/p>\n\n\n\n<p>Pour nos vins, nous travaillons avec un caviste de La C\u00f4te Saint Andr\u00e9 qui nous propose une belle s\u00e9lection de vins de Vienne et d&rsquo;Ard\u00e8che. Mais comme nous les aimons beaucoup, nous vous proposons \u00e9galement des vins de la R\u00e9gion Languedoc et parfois des vins sud am\u00e9ricains aussi.<\/p>\n\n\n\n<p><strong>LES SOFTS<\/strong><\/p>\n\n\n\n<p>Et oui, m\u00eame nos jus de fruits viennent du coin. R\u00e9colt\u00e9s et confectionn\u00e9s dans une entreprise familiale \u00e0 Beaurepaire (38), leurs go\u00fbts vous s\u00e9duiront !<\/p>\n\n\n\n<p><strong>LES PLANCHES APEROS<\/strong><\/p>\n\n\n\n<ul><li><strong>La Planche Tartinade 12\u20ac<\/strong> (Assortiment de trois pots fait maison selon l&rsquo;id\u00e9e et la saison : hoummus, guacamole, pur\u00e9e de petit pois au basilic, caviar d&rsquo;aubergines + pain )<\/li><li><strong>Le Vin Gourmand 12\u20ac<\/strong> (Deux verres de rouge avec un assortiment de charcuterie et de fromage pour 2 personnes + pain)<\/li><li><strong>La Planche des Alpes 16\u20ac<\/strong> (Assortiment de fromages et de charcuterie pour 4 personnes + pain)<\/li><\/ul>\n","protected":false},"excerpt":{"rendered":"<p>\u00c0 la Crique Sud, nous avons fait le choix de travailler un maximum avec des produits locaux et des producteurs de la r\u00e9gion.Nous vous proposons une large gamme de boissons alcoolis\u00e9es et non alcoolis\u00e9es, ainsi que des planches ap\u00e9ros v\u00e9g\u00e9tariennes et carn\u00e9es confectionn\u00e9es sur place. LES BI\u00c8RES Venez retrouver sept bi\u00e8res pressions locales et artisanales&hellip;<\/p>\n","protected":false},"author":1,"featured_media":0,"parent":0,"menu_order":0,"comment_status":"closed","ping_status":"closed","template":"","meta":[],"_links":{"self":[{"href":"https:\/\/lacriquesud.fr\/index.php?rest_route=\/wp\/v2\/pages\/19"}],"collection":[{"href":"https:\/\/lacriquesud.fr\/index.php?rest_route=\/wp\/v2\/pages"}],"about":[{"href":"https:\/\/lacriquesud.fr\/index.php?rest_route=\/wp\/v2\/types\/page"}],"author":[{"embeddable":true,"href":"https:\/\/lacriquesud.fr\/index.php?rest_route=\/wp\/v2\/users\/1"}],"replies":[{"embeddable":true,"href":"https:\/\/lacriquesud.fr\/index.php?rest_route=%2Fwp%2Fv2%2Fcomments&post=19"}],"version-history":[{"count":19,"href":"https:\/\/lacriquesud.fr\/index.php?rest_route=\/wp\/v2\/pages\/19\/revisions"}],"predecessor-version":[{"id":203,"href":"https:\/\/lacriquesud.fr\/index.php?rest_route=\/wp\/v2\/pages\/19\/revisions\/203"}],"wp:attachment":[{"href":"https:\/\/lacriquesud.fr\/index.php?rest_route=%2Fwp%2Fv2%2Fmedia&parent=19"}],"curies":[{"name":"wp","href":"https:\/\/api.w.org\/{rel}","templated":true}]}}