{"id":2,"date":"2018-09-10T12:23:23","date_gmt":"2018-09-10T10:23:23","guid":{"rendered":"http:\/\/lacriquesud.fr\/?page_id=2"},"modified":"2025-10-02T17:46:09","modified_gmt":"2025-10-02T15:46:09","slug":"page-d-exemple","status":"publish","type":"page","link":"https:\/\/lacriquesud.fr\/","title":{"rendered":"Bienvenue \u00e0 la Crique Sud"},"content":{"rendered":"<p style=\"text-align: center;\">La Crique Sud, bistrot culturel \u00e0 Grenoble<\/p>\n<p style=\"text-align: center;\"><strong>Bi\u00e8res artisanales, planches ap\u00e9ro, musique live, improvisation, expositions, soir\u00e9es danses, coin biblioth\u00e8que et jeux de soci\u00e9t\u00e9..<\/strong><\/p>\n<p style=\"text-align: center;\">Nous vous accueillons :<\/p>\n<p style=\"text-align: center;\">du lundi au mardi de 17hO0 \u00e0 00h00<\/p>\n<p style=\"text-align: center;\">et du mercredi au samedi de 17h00 \u00e0 01h00<\/p>\n<p style=\"text-align: center;\">au <a href=\"http:\/\/lacriquesud.fr\/?page_id=21\">11 Boulevard Agutte Sembat<\/a><\/p>\n<p style=\"text-align: center;\">\u00c0 tr\u00e8s vite !<\/p>\n<p><img loading=\"lazy\" class=\"alignnone  wp-image-8 aligncenter\" src=\"http:\/\/lacriquesud.fr\/wp-content\/uploads\/2018\/09\/39900340_1862363387133746_5130851589174591488_n-300x300.jpg\" alt=\"\" width=\"281\" height=\"281\" srcset=\"https:\/\/lacriquesud.fr\/wp-content\/uploads\/2018\/09\/39900340_1862363387133746_5130851589174591488_n-300x300.jpg 300w, https:\/\/lacriquesud.fr\/wp-content\/uploads\/2018\/09\/39900340_1862363387133746_5130851589174591488_n-150x150.jpg 150w, https:\/\/lacriquesud.fr\/wp-content\/uploads\/2018\/09\/39900340_1862363387133746_5130851589174591488_n.jpg 370w\" sizes=\"(max-width: 281px) 100vw, 281px\" \/><\/p>\n","protected":false},"excerpt":{"rendered":"<p>La Crique Sud, bistrot culturel \u00e0 Grenoble Bi\u00e8res artisanales, planches ap\u00e9ro, musique live, improvisation, expositions, soir\u00e9es danses, coin biblioth\u00e8que et jeux de soci\u00e9t\u00e9.. Nous vous accueillons : du lundi au mardi de 17hO0 \u00e0 00h00 et du mercredi au samedi de 17h00 \u00e0 01h00 au 11 Boulevard Agutte Sembat \u00c0 tr\u00e8s vite !<\/p>\n","protected":false},"author":1,"featured_media":45,"parent":0,"menu_order":0,"comment_status":"closed","ping_status":"open","template":"","meta":[],"_links":{"self":[{"href":"https:\/\/lacriquesud.fr\/index.php?rest_route=\/wp\/v2\/pages\/2"}],"collection":[{"href":"https:\/\/lacriquesud.fr\/index.php?rest_route=\/wp\/v2\/pages"}],"about":[{"href":"https:\/\/lacriquesud.fr\/index.php?rest_route=\/wp\/v2\/types\/page"}],"author":[{"embeddable":true,"href":"https:\/\/lacriquesud.fr\/index.php?rest_route=\/wp\/v2\/users\/1"}],"replies":[{"embeddable":true,"href":"https:\/\/lacriquesud.fr\/index.php?rest_route=%2Fwp%2Fv2%2Fcomments&post=2"}],"version-history":[{"count":13,"href":"https:\/\/lacriquesud.fr\/index.php?rest_route=\/wp\/v2\/pages\/2\/revisions"}],"predecessor-version":[{"id":206,"href":"https:\/\/lacriquesud.fr\/index.php?rest_route=\/wp\/v2\/pages\/2\/revisions\/206"}],"wp:featuredmedia":[{"embeddable":true,"href":"https:\/\/lacriquesud.fr\/index.php?rest_route=\/wp\/v2\/media\/45"}],"wp:attachment":[{"href":"https:\/\/lacriquesud.fr\/index.php?rest_route=%2Fwp%2Fv2%2Fmedia&parent=2"}],"curies":[{"name":"wp","href":"https:\/\/api.w.org\/{rel}","templated":true}]}}